{"id":10054,"date":"2024-12-17T13:32:16","date_gmt":"2024-12-17T19:32:16","guid":{"rendered":"http:\/\/www.utsv.com.mx\/wp\/?page_id=10054"},"modified":"2024-12-17T13:39:20","modified_gmt":"2024-12-17T19:39:20","slug":"contraloria-social-u006","status":"publish","type":"page","link":"http:\/\/www.utsv.com.mx\/wp\/docentes\/contraloria-social\/contraloria-social-u006\/","title":{"rendered":"CONTRALORIA SOCIAL U006"},"content":{"rendered":"<p><strong>Contralor\u00eda Social 2024 del U006 Subsidios para Organismos Descentralizados Estatales<\/strong><\/p>\n<p style=\"text-align: justify;\">Conforme a lo dispuesto por la Ley General de Desarrollo Social, la Contralor\u00eda Social constituye una pr\u00e1ctica de transparencia, de rendici\u00f3n de cuentas y se convierte en un mecanismo para los beneficiarios, para que de manera organizada verifiquen el cumplimiento de las metas y la correcta aplicaci\u00f3n de los recursos p\u00fablicos asignados a diferentes Programas Federales.<\/p>\n<p><a href=\"http:\/\/utsv.com.mx\/\/files\/U006\/I.  DOCUMENTOS.rar\">I.\u00a0 \u00a0 DOCUMENTOS<\/a><\/p>\n<p><a href=\"http:\/\/utsv.com.mx\/\/files\/U006\/II.  FORMATOS.rar\">II.\u00a0 \u00a0FORMATOS<\/a><\/p>\n<p><a href=\"http:\/\/utsv.com.mx\/\/files\/U006\/III. NORMATIVIDAD.rar\">III.\u00a0 NORMATIVIDAD<\/a><\/p>\n<p><a href=\"http:\/\/utsv.com.mx\/\/files\/U006\/IV. MATERIAL DE DIFUSION.rar\">IV.\u00a0 MATERIAL DE DIFUSION<\/a><\/p>\n<p><a href=\"http:\/\/utsv.com.mx\/\/files\/U006\/V. MATERIAL DE CAPACITACION.rar\">V.\u00a0 \u00a0MATERIAL DE CAPACITACION<\/a><\/p>\n<p><a href=\"http:\/\/utsv.com.mx\/\/files\/U006\/VI. DIRECTORIO.rar\">VI.\u00a0 DIRECTORIO<\/a><\/p>\n<p><a href=\"http:\/\/utsv.com.mx\/\/files\/U006\/VII. ATENCION A QUEJAS Y DENUNCIAS.rar\">VII. ATENCION A QUEJAS Y DENUNCIAS<\/a><\/p>\n<p><strong>Enlace de la Contralor\u00eda Social U006 PSODE 2024<\/strong><\/p>\n<p>Nombre, Puesto:\u00a0<strong>L.A.F. Paola Lorenzana Mart\u00ednez<\/strong><\/p>\n<p>Tel\u00e9fonos:\u00a0<strong>921 2110160 ext: 2005<\/strong><\/p>\n<p>Correo electr\u00f3nico:\u00a0<a href=\"mailto:paola.lorenzana@utsv.edu.mx\">paola.lorenzana@utsv.edu.mx<\/a><\/p>\n<p style=\"text-align: justify;\">&#8220;Este programa es p\u00fablico ajeno a cualquier partido pol\u00edtico. Queda prohibido el uso para fines distintos a los establecidos en el programa. Quien haga uso indebido de los recursos de este programa deber\u00e1 ser denunciado y sancionado con la ley aplicable y ante la autoridad competente.&#8221;<\/p>\n","protected":false},"excerpt":{"rendered":"<p>Contralor\u00eda Social 2024 del U006 Subsidios para Organismos Descentralizados Estatales Conforme a lo dispuesto por la Ley General de Desarrollo Social, la Contralor\u00eda Social constituye una pr\u00e1ctica de transparencia, de rendici\u00f3n de cuentas y se convierte en un mecanismo para los beneficiarios, para que de manera organizada verifiquen el cumplimiento de las metas y la &hellip; <\/p>\n<p class=\"link-more\"><a href=\"http:\/\/www.utsv.com.mx\/wp\/docentes\/contraloria-social\/contraloria-social-u006\/\" class=\"more-link\">Continuar leyendo<span class=\"screen-reader-text\"> &#8220;CONTRALORIA SOCIAL U006&#8221;<\/span><\/a><\/p>\n","protected":false},"author":1,"featured_media":0,"parent":3765,"menu_order":0,"comment_status":"closed","ping_status":"closed","template":"","meta":{"footnotes":""},"class_list":["post-10054","page","type-page","status-publish","hentry"],"_links":{"self":[{"href":"http:\/\/www.utsv.com.mx\/wp\/wp-json\/wp\/v2\/pages\/10054","targetHints":{"allow":["GET"]}}],"collection":[{"href":"http:\/\/www.utsv.com.mx\/wp\/wp-json\/wp\/v2\/pages"}],"about":[{"href":"http:\/\/www.utsv.com.mx\/wp\/wp-json\/wp\/v2\/types\/page"}],"author":[{"embeddable":true,"href":"http:\/\/www.utsv.com.mx\/wp\/wp-json\/wp\/v2\/users\/1"}],"replies":[{"embeddable":true,"href":"http:\/\/www.utsv.com.mx\/wp\/wp-json\/wp\/v2\/comments?post=10054"}],"version-history":[{"count":1,"href":"http:\/\/www.utsv.com.mx\/wp\/wp-json\/wp\/v2\/pages\/10054\/revisions"}],"predecessor-version":[{"id":10055,"href":"http:\/\/www.utsv.com.mx\/wp\/wp-json\/wp\/v2\/pages\/10054\/revisions\/10055"}],"up":[{"embeddable":true,"href":"http:\/\/www.utsv.com.mx\/wp\/wp-json\/wp\/v2\/pages\/3765"}],"wp:attachment":[{"href":"http:\/\/www.utsv.com.mx\/wp\/wp-json\/wp\/v2\/media?parent=10054"}],"curies":[{"name":"wp","href":"https:\/\/api.w.org\/{rel}","templated":true}]}}