{"id":278,"date":"2019-06-17T11:06:03","date_gmt":"2019-06-17T17:06:03","guid":{"rendered":"http:\/\/www.utsv.com.mx\/wp\/?page_id=278"},"modified":"2019-06-22T23:41:52","modified_gmt":"2019-06-23T05:41:52","slug":"mision-vision-valores","status":"publish","type":"page","link":"http:\/\/www.utsv.com.mx\/wp\/conoce-la-utsv\/mision-vision-valores\/","title":{"rendered":"Misi\u00f3n, Visi\u00f3n y Valores"},"content":{"rendered":"\n<figure class=\"wp-block-image\"><img loading=\"lazy\" decoding=\"async\" width=\"1000\" height=\"570\" src=\"http:\/\/www.utsv.com.mx\/wp\/wp-content\/uploads\/2019\/06\/utsv-alumnos.jpg\" alt=\"\" class=\"wp-image-188\" srcset=\"http:\/\/www.utsv.com.mx\/wp\/wp-content\/uploads\/2019\/06\/utsv-alumnos.jpg 1000w, http:\/\/www.utsv.com.mx\/wp\/wp-content\/uploads\/2019\/06\/utsv-alumnos-300x171.jpg 300w, http:\/\/www.utsv.com.mx\/wp\/wp-content\/uploads\/2019\/06\/utsv-alumnos-768x438.jpg 768w\" sizes=\"auto, (max-width: 767px) 89vw, (max-width: 1000px) 54vw, (max-width: 1071px) 543px, 580px\" \/><\/figure>\n\n\n\n<h2 class=\"wp-block-heading\">Misi\u00f3n<\/h2>\n\n\n\n<p>Formar profesionistas que respondan oportunamente a las necesidades del sector productivo y social, mediante programas educativos pertinentes impartidos por docentes con perfil deseable, con servicios de calidad y la administraci\u00f3n eficiente de los recursos, basados en est\u00e1ndares nacionales e internacionales de calidad. <\/p>\n\n\n\n<h2 class=\"wp-block-heading\">Visi\u00f3n<\/h2>\n\n\n\n<p>Ser una Instituci\u00f3n sustentable, reconocida nacional e internacionalmente por la calidad de sus programas educativos y su fuerte vinculaci\u00f3n con el sector productivo, as\u00ed como el alto grado de responsabilidad social.<\/p>\n\n\n\n<h2 class=\"wp-block-heading\">Valores<\/h2>\n\n\n\n<p>Trabajo en equipo<\/p>\n\n\n\n<p>Liderazgo<\/p>\n\n\n\n<p>\u00c9tica profesional<\/p>\n\n\n\n<p>Compromiso<\/p>\n\n\n\n<p>Responsabilidad<\/p>\n","protected":false},"excerpt":{"rendered":"<p>Misi\u00f3n Formar profesionistas que respondan oportunamente a las necesidades del sector productivo y social, mediante programas educativos pertinentes impartidos por docentes con perfil deseable, con servicios de calidad y la administraci\u00f3n eficiente de los recursos, basados en est\u00e1ndares nacionales e internacionales de calidad. Visi\u00f3n Ser una Instituci\u00f3n sustentable, reconocida nacional e internacionalmente por la calidad &hellip; <\/p>\n<p class=\"link-more\"><a href=\"http:\/\/www.utsv.com.mx\/wp\/conoce-la-utsv\/mision-vision-valores\/\" class=\"more-link\">Continuar leyendo<span class=\"screen-reader-text\"> &#8220;Misi\u00f3n, Visi\u00f3n y Valores&#8221;<\/span><\/a><\/p>\n","protected":false},"author":1,"featured_media":0,"parent":67,"menu_order":1,"comment_status":"closed","ping_status":"closed","template":"","meta":{"footnotes":""},"class_list":["post-278","page","type-page","status-publish","hentry"],"_links":{"self":[{"href":"http:\/\/www.utsv.com.mx\/wp\/wp-json\/wp\/v2\/pages\/278","targetHints":{"allow":["GET"]}}],"collection":[{"href":"http:\/\/www.utsv.com.mx\/wp\/wp-json\/wp\/v2\/pages"}],"about":[{"href":"http:\/\/www.utsv.com.mx\/wp\/wp-json\/wp\/v2\/types\/page"}],"author":[{"embeddable":true,"href":"http:\/\/www.utsv.com.mx\/wp\/wp-json\/wp\/v2\/users\/1"}],"replies":[{"embeddable":true,"href":"http:\/\/www.utsv.com.mx\/wp\/wp-json\/wp\/v2\/comments?post=278"}],"version-history":[{"count":6,"href":"http:\/\/www.utsv.com.mx\/wp\/wp-json\/wp\/v2\/pages\/278\/revisions"}],"predecessor-version":[{"id":546,"href":"http:\/\/www.utsv.com.mx\/wp\/wp-json\/wp\/v2\/pages\/278\/revisions\/546"}],"up":[{"embeddable":true,"href":"http:\/\/www.utsv.com.mx\/wp\/wp-json\/wp\/v2\/pages\/67"}],"wp:attachment":[{"href":"http:\/\/www.utsv.com.mx\/wp\/wp-json\/wp\/v2\/media?parent=278"}],"curies":[{"name":"wp","href":"https:\/\/api.w.org\/{rel}","templated":true}]}}