{"id":532,"date":"2019-06-22T21:52:11","date_gmt":"2019-06-23T03:52:11","guid":{"rendered":"http:\/\/www.utsv.com.mx\/wp\/?page_id=532"},"modified":"2022-08-09T11:35:12","modified_gmt":"2022-08-09T17:35:12","slug":"estadias","status":"publish","type":"page","link":"http:\/\/www.utsv.com.mx\/wp\/vinculacion\/estadias\/","title":{"rendered":"Estad\u00edas"},"content":{"rendered":"\n<figure class=\"wp-block-gallery columns-2 is-cropped wp-block-gallery-1 is-layout-flex wp-block-gallery-is-layout-flex\"><ul class=\"blocks-gallery-grid\"><li class=\"blocks-gallery-item\"><figure><img loading=\"lazy\" decoding=\"async\" width=\"1024\" height=\"683\" src=\"http:\/\/www.utsv.com.mx\/wp\/wp-content\/uploads\/2020\/03\/FS4A4597-1024x683.jpg\" alt=\"\" data-id=\"2406\" class=\"wp-image-2406\" srcset=\"http:\/\/www.utsv.com.mx\/wp\/wp-content\/uploads\/2020\/03\/FS4A4597-1024x683.jpg 1024w, http:\/\/www.utsv.com.mx\/wp\/wp-content\/uploads\/2020\/03\/FS4A4597-300x200.jpg 300w, http:\/\/www.utsv.com.mx\/wp\/wp-content\/uploads\/2020\/03\/FS4A4597-768x512.jpg 768w, http:\/\/www.utsv.com.mx\/wp\/wp-content\/uploads\/2020\/03\/FS4A4597-1536x1024.jpg 1536w, http:\/\/www.utsv.com.mx\/wp\/wp-content\/uploads\/2020\/03\/FS4A4597-2048x1365.jpg 2048w\" sizes=\"auto, (max-width: 767px) 89vw, (max-width: 1000px) 54vw, (max-width: 1071px) 543px, 580px\" \/><\/figure><\/li><li class=\"blocks-gallery-item\"><figure><img loading=\"lazy\" decoding=\"async\" width=\"1024\" height=\"683\" src=\"http:\/\/www.utsv.com.mx\/wp\/wp-content\/uploads\/2020\/03\/FS4A4866-1024x683.jpg\" alt=\"\" data-id=\"2419\" data-full-url=\"http:\/\/www.utsv.com.mx\/wp\/wp-content\/uploads\/2020\/03\/FS4A4866-scaled.jpg\" data-link=\"http:\/\/www.utsv.com.mx\/wp\/vinculacion\/estadias\/fs4a4866\/\" class=\"wp-image-2419\" srcset=\"http:\/\/www.utsv.com.mx\/wp\/wp-content\/uploads\/2020\/03\/FS4A4866-1024x683.jpg 1024w, http:\/\/www.utsv.com.mx\/wp\/wp-content\/uploads\/2020\/03\/FS4A4866-300x200.jpg 300w, http:\/\/www.utsv.com.mx\/wp\/wp-content\/uploads\/2020\/03\/FS4A4866-768x512.jpg 768w, http:\/\/www.utsv.com.mx\/wp\/wp-content\/uploads\/2020\/03\/FS4A4866-1536x1024.jpg 1536w, http:\/\/www.utsv.com.mx\/wp\/wp-content\/uploads\/2020\/03\/FS4A4866-2048x1365.jpg 2048w\" sizes=\"auto, (max-width: 767px) 89vw, (max-width: 1000px) 54vw, (max-width: 1071px) 543px, 580px\" \/><\/figure><\/li><\/ul><\/figure>\n\n\n<h1><span style=\"color: #3366ff;\"><strong>Estad\u00edas Mayo &#8211; Agosto 2022<\/strong><\/span><\/h1>\n<ul>\n<li>\n<h4><a href=\"http:\/\/utsv.com.mx\/images\/VINCULACION\/LOGISTICA Y FECHAS DE ENTREGA ESTADIAS MAYO - AGOSTO 2022 UTSV WEB.png\" data-wplink-url-error=\"true\"><span style=\"color: #008000;\"><b>Log\u00edstica y Fechas de entrega de Estad\u00edas Mayo Agosto 2022<\/b><\/span><\/a><\/h4>\n<\/li>\n<li>\n<h4><a href=\"http:\/\/utsv.com.mx\/images\/VINCULACION\/INDUCCI\u00d3N DE ESTAD\u00cdAS MAYO - AGOSTO 2022_10-14 marzo 2022.pdf\" data-wplink-url-error=\"true\"><strong><span style=\"color: #008000;\">Inducci\u00f3n de Estad\u00edas Mayo &#8211; agosto 2022<\/span><\/strong><\/a><\/h4>\n<\/li>\n<li>\n<h4><span style=\"color: #008000;\"><strong><a style=\"color: #008000;\" href=\"http:\/\/utsv.com.mx\/images\/VINCULACION\/TR\u00cdPTICO ESTAD\u00cdAS MAYO - AGOSTO 2022.pdf\" data-wplink-url-error=\"true\">Tr\u00edptico Estad\u00edas Mayo &#8211; agosto 2022<\/a><\/strong><\/span><\/h4>\n<\/li>\n<\/ul>\n<h1><span style=\"color: #3366ff;\"><strong>Estad\u00edas Septiembre &#8211; Diciembre 2022<\/strong><\/span><\/h1>\n<ul>\n<li>\n<h4><a href=\"http:\/\/utsv.com.mx\/images\/VINCULACION\/LOG\u00cdSTICA Y FECHAS DE ENTREGA ESTAD\u00cdAS SEPTIEMBRE - DICIEMBRE 2022.png\" data-wplink-url-error=\"true\"><span style=\"color: #008000;\"><b>Log\u00edstica y Fechas de entrega de Estad\u00edas Septiembre -Diciembre 2022<\/b><\/span><\/a><\/h4>\n<\/li>\n<li>\n<h4><a href=\"http:\/\/utsv.com.mx\/images\/VINCULACION\/INDUCCI\u00d3N DE ESTAD\u00cdAS SEPTIEMBRE - DICIEMBRE  2022.pdf\" data-wplink-url-error=\"true\"><strong><span style=\"color: #008000;\">Inducci\u00f3n de Estad\u00edas<\/span><\/strong> <span style=\"color: #008000;\"><b>Septiembre -Diciembre\u00a0<\/b><\/span><strong><span style=\"color: #008000;\">2022<\/span><\/strong><\/a><\/h4>\n<\/li>\n<li>\n<h4><a href=\"http:\/\/utsv.com.mx\/images\/VINCULACION\/TRIPTICO ESTADIAS SEPTIEMBRE - DICIEMBRE 2022_240622KPMQ.pdf\" data-wplink-url-error=\"true\"><span style=\"color: #008000;\"><strong>Tr\u00edptico Estad\u00edas <\/strong><\/span><span style=\"color: #008000;\"><b>Septiembre -Diciembre<\/b><\/span> <span style=\"color: #008000;\"><strong>2022<\/strong><\/span><\/a><\/h4>\n<\/li>\n<\/ul>\n<h4 style=\"text-align: justify;\"><a href=\"http:\/\/utsv.com.mx\/images\/VINCULACION\/LISTADO DE EMPRESAS CONVENIO FIRMADO CON LA UTSV.pdf\" data-wplink-url-error=\"true\"><span style=\"color: #008000;\">LISTADO DE EMPRESAS CONVENIO FIRMADO CON LA UTSV<\/span><\/a><\/h4>\n<h2 style=\"text-align: center;\"><strong><span style=\"color: #3366ff;\"><a style=\"color: #3366ff;\" href=\"mailto:vinculacion@utsv.edu.mx\">vinculacion@utsv.edu.mx<\/a><\/span><\/strong><\/h2>\n<h4 style=\"text-align: center;\"><span style=\"color: #3366ff;\"><a style=\"color: #3366ff;\" href=\"mailto:keren.martinez@utsv.edu.mx\"><strong>keren.martinez@utsv.edu.mx<\/strong><\/a><\/span><\/h4>\n<p><a class=\"post-edit-link\" style=\"font-size: 1rem;\" href=\"http:\/\/www.utsv.com.mx\/wp\/wp-admin\/post.php?post=2348&amp;action=edit\"><span class=\"screen-reader-text\" style=\"display: inline !important;\">TSV COVID-19 COMUNICADO A LA COMUNIDAD ESTUDIANTIL EN ESTADIAS&#8221;<\/span><\/a><\/p>\n<header class=\"entry-header\"><\/header>\n\n\n<figure class=\"wp-block-image size-large\"><img loading=\"lazy\" decoding=\"async\" width=\"1024\" height=\"1024\" src=\"http:\/\/www.utsv.com.mx\/wp\/wp-content\/uploads\/2022\/05\/WhatsApp-Image-2022-04-28-at-1.36.38-PM-1024x1024.jpeg\" alt=\"\" class=\"wp-image-5432\" srcset=\"http:\/\/www.utsv.com.mx\/wp\/wp-content\/uploads\/2022\/05\/WhatsApp-Image-2022-04-28-at-1.36.38-PM-1024x1024.jpeg 1024w, http:\/\/www.utsv.com.mx\/wp\/wp-content\/uploads\/2022\/05\/WhatsApp-Image-2022-04-28-at-1.36.38-PM-300x300.jpeg 300w, http:\/\/www.utsv.com.mx\/wp\/wp-content\/uploads\/2022\/05\/WhatsApp-Image-2022-04-28-at-1.36.38-PM-150x150.jpeg 150w, http:\/\/www.utsv.com.mx\/wp\/wp-content\/uploads\/2022\/05\/WhatsApp-Image-2022-04-28-at-1.36.38-PM-768x768.jpeg 768w, http:\/\/www.utsv.com.mx\/wp\/wp-content\/uploads\/2022\/05\/WhatsApp-Image-2022-04-28-at-1.36.38-PM-100x100.jpeg 100w, http:\/\/www.utsv.com.mx\/wp\/wp-content\/uploads\/2022\/05\/WhatsApp-Image-2022-04-28-at-1.36.38-PM.jpeg 1080w\" sizes=\"auto, (max-width: 767px) 89vw, (max-width: 1000px) 54vw, (max-width: 1071px) 543px, 580px\" \/><\/figure>\n\n\n<header class=\"entry-header\">\n<h3 class=\"entry-title\"><a href=\"http:\/\/www.utsv.com.mx\/wp\/2020\/03\/19\/utsv-covid-19-comunicado-a-la-comunidad-estudiantil-en-estadias\/\" rel=\"bookmark\">UTSV COVID-19 COMUNICADO A LA COMUNIDAD ESTUDIANTIL EN ESTADIAS<\/a><\/h3>\n<\/header>\n<div class=\"entry-content\">\n<p style=\"text-align: justify;\"><img loading=\"lazy\" decoding=\"async\" class=\"size-medium wp-image-2350 alignleft\" src=\"http:\/\/www.utsv.com.mx\/wp\/wp-content\/uploads\/2020\/03\/comunicado_estadias_Ene-Abril2020-300x97.jpg\" sizes=\"auto, (max-width: 300px) 100vw, 300px\" srcset=\"http:\/\/www.utsv.com.mx\/wp\/wp-content\/uploads\/2020\/03\/comunicado_estadias_Ene-Abril2020-300x97.jpg 300w, http:\/\/www.utsv.com.mx\/wp\/wp-content\/uploads\/2020\/03\/comunicado_estadias_Ene-Abril2020-768x249.jpg 768w, http:\/\/www.utsv.com.mx\/wp\/wp-content\/uploads\/2020\/03\/comunicado_estadias_Ene-Abril2020-1024x333.jpg 1024w, http:\/\/www.utsv.com.mx\/wp\/wp-content\/uploads\/2020\/03\/comunicado_estadias_Ene-Abril2020.jpg 1161w\" alt=\"\" width=\"300\" height=\"97\">Con la finalidad de salvaguardar el bienestar, la salud y la vida de las personas que integramos a la comunidad de la UTSV.&nbsp;Por el car\u00e1cter in\u00e9dito de la situaci\u00f3n en raz\u00f3n de las prevenciones recomendadas, con los criterios internacionales establecidos por la OMS, referente al&nbsp;<strong><em><u>DISTANCIAMIENTO SOCIAL<\/u><\/em>&nbsp;<\/strong>decretado por la autoridades federales y estatales.<\/p>\n<p style=\"text-align: justify;\"><a class=\"more-link\" href=\"http:\/\/www.utsv.com.mx\/wp\/2020\/03\/19\/utsv-covid-19-comunicado-a-la-comunidad-estudiantil-en-estadias\/#more-2348\">Continuar leyendo<\/a><\/p>\n<\/div>","protected":false},"excerpt":{"rendered":"<p>Estad\u00edas Mayo &#8211; Agosto 2022 Log\u00edstica y Fechas de entrega de Estad\u00edas Mayo Agosto 2022 Inducci\u00f3n de Estad\u00edas Mayo &#8211; agosto 2022 Tr\u00edptico Estad\u00edas Mayo &#8211; agosto 2022 Estad\u00edas Septiembre &#8211; Diciembre 2022 Log\u00edstica y Fechas de entrega de Estad\u00edas Septiembre -Diciembre 2022 Inducci\u00f3n de Estad\u00edas Septiembre -Diciembre\u00a02022 Tr\u00edptico Estad\u00edas Septiembre -Diciembre 2022 LISTADO DE &hellip; <\/p>\n<p class=\"link-more\"><a href=\"http:\/\/www.utsv.com.mx\/wp\/vinculacion\/estadias\/\" class=\"more-link\">Continuar leyendo<span class=\"screen-reader-text\"> &#8220;Estad\u00edas&#8221;<\/span><\/a><\/p>\n","protected":false},"author":2,"featured_media":0,"parent":71,"menu_order":0,"comment_status":"closed","ping_status":"closed","template":"","meta":{"footnotes":""},"class_list":["post-532","page","type-page","status-publish","hentry"],"_links":{"self":[{"href":"http:\/\/www.utsv.com.mx\/wp\/wp-json\/wp\/v2\/pages\/532","targetHints":{"allow":["GET"]}}],"collection":[{"href":"http:\/\/www.utsv.com.mx\/wp\/wp-json\/wp\/v2\/pages"}],"about":[{"href":"http:\/\/www.utsv.com.mx\/wp\/wp-json\/wp\/v2\/types\/page"}],"author":[{"embeddable":true,"href":"http:\/\/www.utsv.com.mx\/wp\/wp-json\/wp\/v2\/users\/2"}],"replies":[{"embeddable":true,"href":"http:\/\/www.utsv.com.mx\/wp\/wp-json\/wp\/v2\/comments?post=532"}],"version-history":[{"count":29,"href":"http:\/\/www.utsv.com.mx\/wp\/wp-json\/wp\/v2\/pages\/532\/revisions"}],"predecessor-version":[{"id":5730,"href":"http:\/\/www.utsv.com.mx\/wp\/wp-json\/wp\/v2\/pages\/532\/revisions\/5730"}],"up":[{"embeddable":true,"href":"http:\/\/www.utsv.com.mx\/wp\/wp-json\/wp\/v2\/pages\/71"}],"wp:attachment":[{"href":"http:\/\/www.utsv.com.mx\/wp\/wp-json\/wp\/v2\/media?parent=532"}],"curies":[{"name":"wp","href":"https:\/\/api.w.org\/{rel}","templated":true}]}}