{"id":5884,"date":"2022-09-05T17:35:42","date_gmt":"2022-09-05T23:35:42","guid":{"rendered":"http:\/\/www.utsv.com.mx\/wp\/?page_id=5884"},"modified":"2022-09-05T18:20:31","modified_gmt":"2022-09-06T00:20:31","slug":"publicacion-de-articulos-cientificos","status":"publish","type":"page","link":"http:\/\/www.utsv.com.mx\/wp\/docentes\/investigacion\/publicacion-de-articulos-cientificos\/","title":{"rendered":"Publicaci\u00f3n de Art\u00edculos Cient\u00edficos"},"content":{"rendered":"<div>ROB\u00d3TICA DE SERVICIO COMO HERRAMIENTA TRANSVERSAL EN PROYECTOS DE INVESTIGACI\u00d3N Y DESARROLLO TECNOL\u00d3GICO\u00a0ISBN: 978-607-8680-27-6<\/div>\n<div>\u00a0<\/div>\n<div>Vincular el documento : <a href=\"https:\/\/www.uttt.edu.mx\/congreso\/Ponencias\">https:\/\/www.uttt.edu.mx\/congreso\/Ponencias<\/a> que hace referencia al art\u00edculo que se someter\u00e1 a la convocatoria<\/div>\n\n\n<p><\/p>\n","protected":false},"excerpt":{"rendered":"<p>ROB\u00d3TICA DE SERVICIO COMO HERRAMIENTA TRANSVERSAL EN PROYECTOS DE INVESTIGACI\u00d3N Y DESARROLLO TECNOL\u00d3GICO\u00a0ISBN: 978-607-8680-27-6 \u00a0 Vincular el documento : https:\/\/www.uttt.edu.mx\/congreso\/Ponencias que hace referencia al art\u00edculo que se someter\u00e1 a la convocatoria<\/p>\n","protected":false},"author":1,"featured_media":0,"parent":3516,"menu_order":0,"comment_status":"closed","ping_status":"closed","template":"","meta":{"footnotes":""},"class_list":["post-5884","page","type-page","status-publish","hentry"],"_links":{"self":[{"href":"http:\/\/www.utsv.com.mx\/wp\/wp-json\/wp\/v2\/pages\/5884","targetHints":{"allow":["GET"]}}],"collection":[{"href":"http:\/\/www.utsv.com.mx\/wp\/wp-json\/wp\/v2\/pages"}],"about":[{"href":"http:\/\/www.utsv.com.mx\/wp\/wp-json\/wp\/v2\/types\/page"}],"author":[{"embeddable":true,"href":"http:\/\/www.utsv.com.mx\/wp\/wp-json\/wp\/v2\/users\/1"}],"replies":[{"embeddable":true,"href":"http:\/\/www.utsv.com.mx\/wp\/wp-json\/wp\/v2\/comments?post=5884"}],"version-history":[{"count":2,"href":"http:\/\/www.utsv.com.mx\/wp\/wp-json\/wp\/v2\/pages\/5884\/revisions"}],"predecessor-version":[{"id":5888,"href":"http:\/\/www.utsv.com.mx\/wp\/wp-json\/wp\/v2\/pages\/5884\/revisions\/5888"}],"up":[{"embeddable":true,"href":"http:\/\/www.utsv.com.mx\/wp\/wp-json\/wp\/v2\/pages\/3516"}],"wp:attachment":[{"href":"http:\/\/www.utsv.com.mx\/wp\/wp-json\/wp\/v2\/media?parent=5884"}],"curies":[{"name":"wp","href":"https:\/\/api.w.org\/{rel}","templated":true}]}}